{"id":101,"date":"2015-06-01T11:29:04","date_gmt":"2015-06-01T11:29:04","guid":{"rendered":"http:\/\/novo.confenar.com.br\/?page_id=101"},"modified":"2021-02-08T15:53:54","modified_gmt":"2021-02-08T15:53:54","slug":"eventos-confenar","status":"publish","type":"page","link":"https:\/\/www.confenar.com.br\/index.php\/eventos-confenar\/","title":{"rendered":"Agenda Confenar"},"content":{"rendered":"<p>O Agenda Confenar possui dois eventos realizados paralelamente. A ExpoConfenar \u00e9 uma feira que agrupa os fornecedores parceiros da Confedera\u00e7\u00e3o e apresenta as novidades do setor de log\u00edstica. J\u00e1 o Projeto Cl\u00ednicas \u00e9 voltado para a capacita\u00e7\u00e3o dos colaboradores das revendas e recebe, a cada edi\u00e7\u00e3o, profissionais de renome para debater quest\u00f5es ligadas \u00e0 gest\u00e3o das empresas associadas.<\/p>\n<p><strong>Conhe\u00e7a os destaques de cada uma das conven\u00e7\u00f5es realizadas pela confedera\u00e7\u00e3o:<\/strong><\/p>\n","protected":false},"excerpt":{"rendered":"<p>O Agenda Confenar possui dois eventos realizados paralelamente. A ExpoConfenar \u00e9 uma feira que agrupa os fornecedores parceiros da Confedera\u00e7\u00e3o e apresenta as novidades do setor de log\u00edstica. J\u00e1 o Projeto Cl\u00ednicas \u00e9 voltado para a capacita\u00e7\u00e3o dos colaboradores das revendas e recebe, a cada edi\u00e7\u00e3o, profissionais de renome para debater quest\u00f5es ligadas \u00e0 gest\u00e3o [&hellip;]<\/p>\n","protected":false},"author":1,"featured_media":0,"parent":0,"menu_order":4,"comment_status":"open","ping_status":"closed","template":"page-eventos.php","meta":{"_acf_changed":false,"footnotes":""},"class_list":["post-101","page","type-page","status-publish","hentry"],"acf":[],"_links":{"self":[{"href":"https:\/\/www.confenar.com.br\/index.php\/wp-json\/wp\/v2\/pages\/101","targetHints":{"allow":["GET"]}}],"collection":[{"href":"https:\/\/www.confenar.com.br\/index.php\/wp-json\/wp\/v2\/pages"}],"about":[{"href":"https:\/\/www.confenar.com.br\/index.php\/wp-json\/wp\/v2\/types\/page"}],"author":[{"embeddable":true,"href":"https:\/\/www.confenar.com.br\/index.php\/wp-json\/wp\/v2\/users\/1"}],"replies":[{"embeddable":true,"href":"https:\/\/www.confenar.com.br\/index.php\/wp-json\/wp\/v2\/comments?post=101"}],"version-history":[{"count":17,"href":"https:\/\/www.confenar.com.br\/index.php\/wp-json\/wp\/v2\/pages\/101\/revisions"}],"predecessor-version":[{"id":23706,"href":"https:\/\/www.confenar.com.br\/index.php\/wp-json\/wp\/v2\/pages\/101\/revisions\/23706"}],"wp:attachment":[{"href":"https:\/\/www.confenar.com.br\/index.php\/wp-json\/wp\/v2\/media?parent=101"}],"curies":[{"name":"wp","href":"https:\/\/api.w.org\/{rel}","templated":true}]}}