{"id":181,"date":"2015-06-01T14:56:59","date_gmt":"2015-06-01T14:56:59","guid":{"rendered":"http:\/\/novo.confenar.com.br\/?page_id=181"},"modified":"2018-01-12T18:35:58","modified_gmt":"2018-01-12T18:35:58","slug":"revista-confenar","status":"publish","type":"page","link":"https:\/\/www.confenar.com.br\/index.php\/canais-de-comunicacao\/revista-confenar\/","title":{"rendered":"Revista Confenar"},"content":{"rendered":"<style>\nh1{margin-bottom: 0px !important;padding: 20px 0 0px 0 !important;}\n#canais .texto {\n    float: left !important;\n    width: 100% !important;\n}\n#canais img{\nwidth: auto !important;;\n}<\/p>\n<\/style>\n<p><!--\n\n\n<div id=\"breadcrumb_conf\"><a href=\"http:\/\/www.confenar.com.br\">Home <\/a>> <a href=\"http:\/\/www.confenar.com.br\/index.php\/canais-de-comunicacao\/\">Canais de Comunica\u00e7\u00e3o <\/a>> Revista Confenar<\/div>\n\n\n\n\n\n\n\nPublica\u00e7\u00e3o impressa bimestral, com tiragem de 5.000 exemplares, que traz temas de destaque nesse mercado, boas pr\u00e1ticas das revendas e novidades da Confedera\u00e7\u00e3o e da Ambev. A revista \u00e9 distribu\u00edda para toda Rede de Revendas associada \u00e0 Confenar, principais pontos de venda (PDVs) do Pa\u00eds, entidades empresariais, associa\u00e7\u00f5es representativas do segmento e representantes do governo, al\u00e9m da ind\u00fastria fornecedora de produtos, insumos e solu\u00e7\u00f5es \u00e0s distribuidoras e \u00e0 Confedera\u00e7\u00e3o.\n\n--><\/p>\n<div>\n<p>\n<img decoding=\"async\" src=\"http:\/\/www.confenar.com.br\/wp-content\/uploads\/2015\/06\/logo_revista.jpg\" \/><\/p>\n<p>A <b>Revista Confenar<\/b> \u00e9 impressa e publicada bimestralmente com uma tiragem de 3 mil exemplares. Entre os temas apresentados nas edi\u00e7\u00f5es, est\u00e3o assuntos de destaque no mercado de distribui\u00e7\u00e3o de bebidas e log\u00edstica, boas pr\u00e1ticas das revendas associadas e novidades da Confedera\u00e7\u00e3o e da Ambev. Distribuidoras de todo o Pa\u00eds e que pertencem \u00e0 Rede da Confenar recebem os exemplares da revista, assim como os principais pontos de venda (PDVs) do Brasil, entidades empresariais, associa\u00e7\u00f5es representativas do segmento, representantes do governo, ind\u00fastria fornecedora de produtos, insumos e solu\u00e7\u00f5es \u00e0s revendas e \u00e0 Confedera\u00e7\u00e3o.<\/p>\n<p><img decoding=\"async\" src=\"http:\/\/www.confenar.com.br\/wp-content\/uploads\/2015\/06\/logo_fiquepordentro.jpg\" \/><\/p>\n<p>Na se\u00e7\u00e3o <b>Fique por Dentro<\/b>, voc\u00ea encontrar\u00e1 fatos relevantes sobre o setor de distribui\u00e7\u00e3o de bebidas, como campanhas, not\u00edcias de mercado e lan\u00e7amentos de produtos Ambev. Neste canal, tamb\u00e9m \u00e9 poss\u00edvel conferir as sugest\u00f5es de livros, filmes, sites ou aplicativos com conte\u00fados de grande utilidade no dia a dia das revendas.<\/p>\n<p>\n <img decoding=\"async\" src=\"http:\/\/www.confenar.com.br\/wp-content\/uploads\/2018\/01\/thumb_face_confenar.jpg\" \/><\/p>\n<p>Para estar ainda mais atento \u00e0s novidades da Confenar e da Rede, acompanhe nossa p\u00e1gina no Facebook. L\u00e1, \u00e9 poss\u00edvel encontrar as a\u00e7\u00f5es realizadas nas revendas, os eventos nos quais a Confenar est\u00e1 presente e not\u00edcias sobre o mercado de bebidas. <\/p>\n<p>Siga a Confenar: <a href=\"http:\/\/www.facebook.com\/Confenar\/\" target=\"_blank\"\/>www.facebook.com\/Confenar\/<\/a>.<\/p>\n<p><\/p>\n<\/div>\n","protected":false},"excerpt":{"rendered":"<p>A Revista Confenar \u00e9 impressa e publicada bimestralmente com uma tiragem de 3 mil exemplares. Entre os temas apresentados nas edi\u00e7\u00f5es, est\u00e3o assuntos de destaque no mercado de distribui\u00e7\u00e3o de bebidas e log\u00edstica, boas pr\u00e1ticas das revendas associadas e novidades da Confedera\u00e7\u00e3o e da Ambev. Distribuidoras de todo o Pa\u00eds e que pertencem \u00e0 Rede [&hellip;]<\/p>\n","protected":false},"author":1,"featured_media":0,"parent":91,"menu_order":61,"comment_status":"open","ping_status":"closed","template":"","meta":{"_acf_changed":false,"footnotes":""},"class_list":["post-181","page","type-page","status-publish","hentry"],"acf":[],"_links":{"self":[{"href":"https:\/\/www.confenar.com.br\/index.php\/wp-json\/wp\/v2\/pages\/181","targetHints":{"allow":["GET"]}}],"collection":[{"href":"https:\/\/www.confenar.com.br\/index.php\/wp-json\/wp\/v2\/pages"}],"about":[{"href":"https:\/\/www.confenar.com.br\/index.php\/wp-json\/wp\/v2\/types\/page"}],"author":[{"embeddable":true,"href":"https:\/\/www.confenar.com.br\/index.php\/wp-json\/wp\/v2\/users\/1"}],"replies":[{"embeddable":true,"href":"https:\/\/www.confenar.com.br\/index.php\/wp-json\/wp\/v2\/comments?post=181"}],"version-history":[{"count":8,"href":"https:\/\/www.confenar.com.br\/index.php\/wp-json\/wp\/v2\/pages\/181\/revisions"}],"predecessor-version":[{"id":25530,"href":"https:\/\/www.confenar.com.br\/index.php\/wp-json\/wp\/v2\/pages\/181\/revisions\/25530"}],"up":[{"embeddable":true,"href":"https:\/\/www.confenar.com.br\/index.php\/wp-json\/wp\/v2\/pages\/91"}],"wp:attachment":[{"href":"https:\/\/www.confenar.com.br\/index.php\/wp-json\/wp\/v2\/media?parent=181"}],"curies":[{"name":"wp","href":"https:\/\/api.w.org\/{rel}","templated":true}]}}