{"id":19204,"date":"2016-11-04T19:42:56","date_gmt":"2016-11-04T19:42:56","guid":{"rendered":"http:\/\/www.confenar.com.br\/?page_id=19204"},"modified":"2025-07-01T16:33:10","modified_gmt":"2025-07-01T16:33:10","slug":"revenda-sul","status":"publish","type":"page","link":"https:\/\/www.confenar.com.br\/index.php\/revenda-sul\/","title":{"rendered":"Revenda Sul"},"content":{"rendered":"<div id=\"breadcrumb_conf\"><a href=\"http:\/\/www.confenar.com.br\">Home <\/a>&gt; <a href=\"http:\/\/www.confenar.com.br\/index.php\/revendas\/\">Revendas<\/a> &gt; Revenda Sul<\/div>\n<div id=\"revenda_voltar\" style=\"z-index: 999999999;\"><a href=\"http:\/\/www.confenar.com.br\/index.php\/revendas\/\"><img decoding=\"async\" src=\"http:\/\/www.confenar.com.br\/wp-content\/uploads\/2016\/11\/icone_revendas_voltar.png\" alt=\"\" \/><\/a><\/div>\n<p><script src=\"http:\/\/confenar.com.br\/wp-content\/arquivos\/doc_dev\/arq\/responsive.ie10mobilefix.min.js\"><\/script><\/p>\n<p><!-- [if lt IE 9 &!(IEMobile)]>\n<script src=\"http:\/\/confenar.com.br\/wp-content\/arquivos\/doc_dev\/arq\/vendor\/html5shiv.min.js\"><\/script>\n<script src=\"http:\/\/confenar.com.br\/wp-content\/arquivos\/doc_dev\/arq\/vendor\/respond.min.js\"><\/script>\n<![endif]--><\/p>\n<p><a href=\"http:\/\/www.confenar.com.br\/wp-content\/uploads\/2025\/07\/Ativo-19.png\"><img loading=\"lazy\" decoding=\"async\" class=\"aligncenter  wp-image-27099\" src=\"http:\/\/www.confenar.com.br\/wp-content\/uploads\/2025\/07\/Ativo-19.png\" alt=\"\" width=\"721\" height=\"721\" \/><\/a><\/p>\n<p>&nbsp;<\/p>\n<table border=\"0\" width=\"330\" cellspacing=\"0\" cellpadding=\"2\" align=\"center\">\n<tbody>\n<tr>\n<td style=\"background: #803587;\"><span style=\"color: #ffffff; font-family: verdana; font-size: 10pt;\">REVENDA<\/span><\/td>\n<td style=\"background: #803587;\"><span style=\"color: #ffffff; font-family: verdana; font-size: 10pt;\">LOCAL<\/span><\/td>\n<td style=\"background: #803587;\"><\/td>\n<\/tr>\n<tr>\n<td><span style=\"color: #074c6b; font-family: verdana; font-size: 8pt;\"><a href=\" http:\/\/www.acb.com.br \">ACB<\/a><\/span><\/td>\n<td><span style=\"color: #074c6b; font-family: verdana; font-size: 8pt;\">JOA\u00c7ABA<\/span><\/td>\n<td><span style=\"color: #074c6b; font-family: verdana; font-size: 8pt;\">SC<\/span><\/td>\n<\/tr>\n<tr>\n<td><span style=\"color: #074c6b; font-family: verdana; font-size: 8pt;\"><a href=\" http:\/\/www.acb.com.br \">ACB<\/a><\/span><\/td>\n<td><span style=\"color: #074c6b; font-family: verdana; font-size: 8pt;\"> ASSIS CHATEAUBRIAND<\/span><\/td>\n<td><span style=\"color: #074c6b; font-family: verdana; font-size: 8pt;\">SC<\/span><\/td>\n<\/tr>\n<tr bgcolor=\"#ebebeb\">\n<td style=\"background: #ebebeb;\"><span style=\"color: #074c6b; font-family: verdana; font-size: 8pt;\"><a href=\"http:\/\/www.cargnelutti.com.br\">CARGNELUTTI<\/a><\/span><\/td>\n<td style=\"background: #ebebeb;\"><span style=\"color: #074c6b; font-family: verdana; font-size: 8pt;\">URUGUAIANA<\/span><\/td>\n<td style=\"background: #ebebeb;\"><span style=\"color: #074c6b; font-family: verdana; font-size: 8pt;\">RS<\/span><\/td>\n<\/tr>\n<tr bgcolor=\"#ebebeb\">\n<td style=\"background: #ebebeb;\"><span style=\"color: #074c6b; font-family: verdana; font-size: 8pt;\"><a href=\"http:\/\/www.disfonte.com.br\">DISFONTE<\/a><\/span><\/td>\n<td style=\"background: #ebebeb;\"><span style=\"color: #074c6b; font-family: verdana; font-size: 8pt;\">PASSO FUNDO<\/span><\/td>\n<td style=\"background: #ebebeb;\"><span style=\"color: #074c6b; font-family: verdana; font-size: 8pt;\">RS<\/span><\/td>\n<\/tr>\n<tr>\n<td><span style=\"color: #074c6b; font-family: verdana; font-size: 8pt;\"><a href=\"https:\/\/www.instagram.com\/incobel_ambev\/\">INCOBEL<\/a><\/span><\/td>\n<td><span style=\"color: #074c6b; font-family: verdana; font-size: 8pt;\">LAGES<\/span><\/td>\n<td><span style=\"color: #074c6b; font-family: verdana; font-size: 8pt;\">SC<\/span><\/td>\n<\/tr>\n<tr>\n<td><span style=\"color: #074c6b; font-family: verdana; font-size: 8pt;\"><a href=\"https:\/\/www.instagram.com\/lfoliveira_ambev\/\">L.F. DE OLIVEIRA<\/a><\/span><\/td>\n<td><span style=\"color: #074c6b; font-family: verdana; font-size: 8pt;\">MONTENEGRO<\/span><\/td>\n<td><span style=\"color: #074c6b; font-family: verdana; font-size: 8pt;\">RS<\/span><\/td>\n<\/tr>\n<tr bgcolor=\"#ebebeb\">\n<td style=\"background: #ebebeb;\"><span style=\"color: #074c6b; font-family: verdana; font-size: 8pt;\"><a href=\"https:\/\/www.instagram.com\/nuernberg.ambev\/\">NUERNBERG<\/a><\/span><\/td>\n<td style=\"background: #ebebeb;\"><span style=\"color: #074c6b; font-family: verdana; font-size: 8pt;\">CRICI\u00daMA<\/span><\/td>\n<td style=\"background: #ebebeb;\"><span style=\"color: #074c6b; font-family: verdana; font-size: 8pt;\">SC<\/span><\/td>\n<\/tr>\n<tr>\n<td><span style=\"color: #074c6b; font-family: verdana; font-size: 8pt;\"><a href=\"https:\/\/www.instagram.com\/polarticabebidas\/\">POLARTICA<\/a><\/span><\/td>\n<td><span style=\"color: #074c6b; font-family: verdana; font-size: 8pt;\">BENTO GON\u00c7ALVES<\/span><\/td>\n<td><span style=\"color: #074c6b; font-family: verdana; font-size: 8pt;\">RS<\/span><\/td>\n<\/tr>\n<tr bgcolor=\"#ebebeb\">\n<td style=\"background: #ebebeb;\"><span style=\"color: #074c6b; font-family: verdana; font-size: 8pt;\"><a href=\"https:\/\/www.instagram.com\/steffenbebidas\/\">STEFFEN<\/a><\/span><\/td>\n<td style=\"background: #ebebeb;\"><span style=\"color: #074c6b; font-family: verdana; font-size: 8pt;\">SANTA ROSA<\/span><\/td>\n<td style=\"background: #ebebeb;\"><span style=\"color: #074c6b; font-family: verdana; font-size: 8pt;\">RS<\/span><\/td>\n<\/tr>\n<tr bgcolor=\"#ebebeb\">\n<td style=\"background: #ebebeb;\"><span style=\"color: #074c6b; font-family: verdana; font-size: 8pt;\"><a href=\"https:\/\/www.instagram.com\/uniaodistribuidoraijui\/\">UNI\u00c3O<\/a><\/span><\/td>\n<td style=\"background: #ebebeb;\"><span style=\"color: #074c6b; font-family: verdana; font-size: 8pt;\">IJU\u00cd<\/span><\/td>\n<td style=\"background: #ebebeb;\"><span style=\"color: #074c6b; font-family: verdana; font-size: 8pt;\">RS<\/span><\/td>\n<\/tr>\n<tr>\n<td><span style=\"color: #074c6b; font-family: verdana; font-size: 8pt;\">UNICER<\/span><\/td>\n<td><span style=\"color: #074c6b; font-family: verdana; font-size: 8pt;\">JAGUARUNA<\/span><\/td>\n<td><span style=\"color: #074c6b; font-family: verdana; font-size: 8pt;\">SC<\/span><\/td>\n<\/tr>\n<tr bgcolor=\"#ebebeb\">\n<td style=\"background: #ebebeb;\"><span style=\"color: #074c6b; font-family: verdana; font-size: 8pt;\"><a href=\"https:\/\/www.instagram.com\/unidaspvai\/\">UNIDAS<\/a><\/span><\/td>\n<td style=\"background: #ebebeb;\"><span style=\"color: #074c6b; font-family: verdana; font-size: 8pt;\">PARANAVA\u00cd<\/span><\/td>\n<td style=\"background: #ebebeb;\"><span style=\"color: #074c6b; font-family: verdana; font-size: 8pt;\">PR<\/span><\/td>\n<\/tr>\n<tr>\n<td><span style=\"color: #074c6b; font-family: verdana; font-size: 8pt;\"><a href=\"http:\/\/www.unimarlitoral.com.br\">UNIMAR<\/a><\/span><\/td>\n<td><span style=\"color: #074c6b; font-family: verdana; font-size: 8pt;\">OS\u00d3RIO<\/span><\/td>\n<td><span style=\"color: #074c6b; font-family: verdana; font-size: 8pt;\">RS<\/span><\/td>\n<\/tr>\n<tr bgcolor=\"#ebebeb\">\n<td style=\"background: #ebebeb;\"><span style=\"color: #074c6b; font-family: verdana; font-size: 8pt;\"><a href=\"https:\/\/www.instagram.com\/uniserrabebidas\/\">UNISERRA<\/a><\/span><\/td>\n<td style=\"background: #ebebeb;\"><span style=\"color: #074c6b; font-family: verdana; font-size: 8pt;\">CANELA<\/span><\/td>\n<td style=\"background: #ebebeb;\"><span style=\"color: #074c6b; font-family: verdana; font-size: 8pt;\">RS<\/span><\/td>\n<\/tr>\n<tr>\n<td><span style=\"color: #074c6b; font-family: verdana; font-size: 8pt;\"><a href=\"http:\/\/www.univalers.com.br\">UNIVALE<\/a><\/span><\/td>\n<td><span style=\"color: #074c6b; font-family: verdana; font-size: 8pt;\">ESTRELA<\/span><\/td>\n<td><span style=\"color: #074c6b; font-family: verdana; font-size: 8pt;\">RS<\/span><\/td>\n<\/tr>\n<tr bgcolor=\"#ebebeb\">\n<td style=\"background: #ebebeb;\"><span style=\"color: #074c6b; font-family: verdana; font-size: 8pt;\"><a href=\"http:\/\/www.virginia.com.br\">VIRGINIA<\/a><\/span><\/td>\n<td style=\"background: #ebebeb;\"><span style=\"color: #074c6b; font-family: verdana; font-size: 8pt;\">MARING\u00c1<\/span><\/td>\n<td style=\"background: #ebebeb;\"><span style=\"color: #074c6b; font-family: verdana; font-size: 8pt;\">PR<\/span><\/td>\n<\/tr>\n<tr>\n<td><span style=\"color: #074c6b; font-family: verdana; font-size: 8pt;\"><a href=\"http:\/\/www.virginia.com.br\">VIRGINIA<\/a><\/span><\/td>\n<td><span style=\"color: #074c6b; font-family: verdana; font-size: 8pt;\">GUARAPUAVA<\/span><\/td>\n<td><span style=\"color: #074c6b; font-family: verdana; font-size: 8pt;\">PR<\/span><\/td>\n<\/tr>\n<tr bgcolor=\"#ebebeb\">\n<td style=\"background: #ebebeb;\"><span style=\"color: #074c6b; font-family: verdana; font-size: 8pt;\"><a href=\"http:\/\/www.virginia.com.br\">VIRGINIA<\/a><\/span><\/td>\n<td style=\"background: #ebebeb;\"><span style=\"color: #074c6b; font-family: verdana; font-size: 8pt;\">WENCESLAU BRAZ<\/span><\/td>\n<td style=\"background: #ebebeb;\"><span style=\"color: #074c6b; font-family: verdana; font-size: 8pt;\">PR<\/span><\/td>\n<\/tr>\n<\/tbody>\n<\/table>\n<p>&nbsp;<\/p>\n<p>&nbsp;<\/p>\n<p><!-- <a href=\"#\" data-lightbox-target=\"#overlay1\">Launch internal overlay<\/a> data-lightbox-target=\"#overlay1\" --><\/p>\n<p><!-- [if IE 8]>\n<script src=\"http:\/\/confenar.com.br\/wp-content\/arquivos\/doc_dev\/arq\/vendor\/jquery-1.11.0.min.js\"><\/script>\n<![endif]--><br \/>\n<!-- [if gt IE 8]><!--><br \/>\n<script src=\"http:\/\/confenar.com.br\/wp-content\/arquivos\/doc_dev\/arq\/vendor\/jquery-2.1.0.min.js\"><\/script><br \/>\n<!--<![endif]--><\/p>\n<p><script src=\"http:\/\/confenar.com.br\/wp-content\/arquivos\/doc_dev\/arq\/responsive.min.js\"><\/script><\/p>\n","protected":false},"excerpt":{"rendered":"<p>Home &gt; Revendas &gt; Revenda Sul &nbsp; REVENDA LOCAL ACB JOA\u00c7ABA SC ACB ASSIS CHATEAUBRIAND SC CARGNELUTTI URUGUAIANA RS DISFONTE PASSO FUNDO RS INCOBEL LAGES SC L.F. DE OLIVEIRA MONTENEGRO RS NUERNBERG CRICI\u00daMA SC POLARTICA BENTO GON\u00c7ALVES RS STEFFEN SANTA ROSA RS UNI\u00c3O IJU\u00cd RS UNICER JAGUARUNA SC UNIDAS PARANAVA\u00cd PR UNIMAR OS\u00d3RIO RS UNISERRA [&hellip;]<\/p>\n","protected":false},"author":1,"featured_media":0,"parent":0,"menu_order":28,"comment_status":"closed","ping_status":"closed","template":"","meta":{"_acf_changed":false,"footnotes":""},"class_list":["post-19204","page","type-page","status-publish","hentry"],"acf":[],"_links":{"self":[{"href":"https:\/\/www.confenar.com.br\/index.php\/wp-json\/wp\/v2\/pages\/19204","targetHints":{"allow":["GET"]}}],"collection":[{"href":"https:\/\/www.confenar.com.br\/index.php\/wp-json\/wp\/v2\/pages"}],"about":[{"href":"https:\/\/www.confenar.com.br\/index.php\/wp-json\/wp\/v2\/types\/page"}],"author":[{"embeddable":true,"href":"https:\/\/www.confenar.com.br\/index.php\/wp-json\/wp\/v2\/users\/1"}],"replies":[{"embeddable":true,"href":"https:\/\/www.confenar.com.br\/index.php\/wp-json\/wp\/v2\/comments?post=19204"}],"version-history":[{"count":50,"href":"https:\/\/www.confenar.com.br\/index.php\/wp-json\/wp\/v2\/pages\/19204\/revisions"}],"predecessor-version":[{"id":27157,"href":"https:\/\/www.confenar.com.br\/index.php\/wp-json\/wp\/v2\/pages\/19204\/revisions\/27157"}],"wp:attachment":[{"href":"https:\/\/www.confenar.com.br\/index.php\/wp-json\/wp\/v2\/media?parent=19204"}],"curies":[{"name":"wp","href":"https:\/\/api.w.org\/{rel}","templated":true}]}}