{"id":19208,"date":"2016-11-04T19:49:03","date_gmt":"2016-11-04T19:49:03","guid":{"rendered":"http:\/\/www.confenar.com.br\/?page_id=19208"},"modified":"2025-02-27T12:25:55","modified_gmt":"2025-02-27T12:25:55","slug":"revenda-sp","status":"publish","type":"page","link":"https:\/\/www.confenar.com.br\/index.php\/revenda-sp\/","title":{"rendered":"Revenda SP"},"content":{"rendered":"<div id=\"breadcrumb_conf\"><a href=\"http:\/\/www.confenar.com.br\">Home <\/a>&gt; <a href=\"http:\/\/www.confenar.com.br\/index.php\/revendas\/\">Revendas<\/a> &gt; Revenda SP<\/div>\n<div id=\"revenda_voltar\" style=\"z-index: 9999999;\"><a href=\"http:\/\/www.confenar.com.br\/index.php\/revendas\/\"><img decoding=\"async\" src=\"http:\/\/www.confenar.com.br\/wp-content\/uploads\/2016\/11\/icone_revendas_voltar.png\" alt=\"\" \/><\/a><\/div>\n<p><script src=\"http:\/\/confenar.com.br\/wp-content\/arquivos\/doc_dev\/arq\/responsive.ie10mobilefix.min.js\"><span data-mce-type=\"bookmark\" style=\"display: inline-block; width: 0px; overflow: hidden; line-height: 0;\" class=\"mce_SELRES_start\">\ufeff<\/span><\/script><a href=\"http:\/\/www.confenar.com.br\/wp-content\/uploads\/2025\/02\/Ativo-11.png\"><img loading=\"lazy\" decoding=\"async\" class=\"aligncenter  wp-image-27097\" src=\"http:\/\/www.confenar.com.br\/wp-content\/uploads\/2025\/02\/Ativo-11.png\" alt=\"\" width=\"663\" height=\"459\" srcset=\"https:\/\/www.confenar.com.br\/wp-content\/uploads\/2025\/02\/Ativo-11.png 1301w, https:\/\/www.confenar.com.br\/wp-content\/uploads\/2025\/02\/Ativo-11-300x208.png 300w, https:\/\/www.confenar.com.br\/wp-content\/uploads\/2025\/02\/Ativo-11-1024x709.png 1024w, https:\/\/www.confenar.com.br\/wp-content\/uploads\/2025\/02\/Ativo-11-768x532.png 768w\" sizes=\"auto, (max-width: 663px) 100vw, 663px\" \/><\/a><\/p>\n<map id=\"Map\" name=\"Map\"><\/map>\n<map id=\"Map\" name=\"Map\"><\/map>\n<p><!-- [if lt IE 9 &!(IEMobile)]>\n<script src=\"http:\/\/confenar.com.br\/wp-content\/arquivos\/doc_dev\/arq\/vendor\/html5shiv.min.js\"><\/script>\n<script src=\"http:\/\/confenar.com.br\/wp-content\/arquivos\/doc_dev\/arq\/vendor\/respond.min.js\"><\/script>\n<![endif]--><\/p>\n<p>&nbsp;<\/p>\n<table border=\"0\" width=\"330\" cellspacing=\"0\" cellpadding=\"2\" align=\"center\">\n<tbody>\n<tr>\n<td style=\"background: #52c547;\"><span style=\"color: #ffffff; font-family: verdana; font-size: 10pt;\">REVENDA<\/span><\/td>\n<td style=\"background: #52c547;\"><span style=\"color: #ffffff; font-family: verdana; font-size: 10pt;\">LOCAL<\/span><\/td>\n<td style=\"background: #52c547;\"><\/td>\n<\/tr>\n<tr>\n<td><span style=\"color: #074c6b; font-family: verdana; font-size: 8pt;\"><a href=\"https:\/\/www.instagram.com\/atlantica.ambev\/\">ATLANTICA<\/a><\/span><\/td>\n<td><span style=\"color: #074c6b; font-family: verdana; font-size: 8pt;\">GUARATINGUET\u00c1<\/span><\/td>\n<td><span style=\"color: #074c6b; font-family: verdana; font-size: 8pt;\">SP<\/span><\/td>\n<\/tr>\n<tr bgcolor=\"#ebebeb\">\n<td style=\"background: #ebebeb;\"><span style=\"color: #074c6b; font-family: verdana; font-size: 8pt;\"><a href=\"http:\/\/www.bevaledistribuidora.com.br\">BEVALE<\/a><\/span><\/td>\n<td style=\"background: #ebebeb;\"><span style=\"color: #074c6b; font-family: verdana; font-size: 8pt;\">BEBEDOURO<\/span><\/td>\n<td style=\"background: #ebebeb;\"><span style=\"color: #074c6b; font-family: verdana; font-size: 8pt;\">SP<\/span><\/td>\n<\/tr>\n<tr>\n<td><span style=\"color: #074c6b; font-family: verdana; font-size: 8pt;\">BRAPIRA<\/span><\/td>\n<td><span style=\"color: #074c6b; font-family: verdana; font-size: 8pt;\">PIRASSUNUNGA<\/span><\/td>\n<td><span style=\"color: #074c6b; font-family: verdana; font-size: 8pt;\">SP<\/span><\/td>\n<\/tr>\n<tr bgcolor=\"#ebebeb\">\n<td style=\"background: #ebebeb;\"><span style=\"color: #074c6b; font-family: verdana; font-size: 8pt;\"><a href=\"http:\/\/www.conebel.com.br\">CONEBEL<\/a><\/span><\/td>\n<td style=\"background: #ebebeb;\"><span style=\"color: #074c6b; font-family: verdana; font-size: 8pt;\">S\u00c3O JOS\u00c9 DO RIO PRETO<\/span><\/td>\n<td style=\"background: #ebebeb;\"><span style=\"color: #074c6b; font-family: verdana; font-size: 8pt;\">SP<\/span><\/td>\n<\/tr>\n<tr>\n<td><span style=\"color: #074c6b; font-family: verdana; font-size: 8pt;\"><a href=\"http:\/\/www.dibral.com.br\">DIBRAL<\/a><\/span><\/td>\n<td><span style=\"color: #074c6b; font-family: verdana; font-size: 8pt;\">FERNAND\u00d3POLIS<\/span><\/td>\n<td><span style=\"color: #074c6b; font-family: verdana; font-size: 8pt;\">SP<\/span><\/td>\n<\/tr>\n<tr bgcolor=\"#ebebeb\">\n<td style=\"background: #ebebeb;\"><span style=\"color: #074c6b; font-family: verdana; font-size: 8pt;\"><a href=\"http:\/\/www.excelente.com.br\">EXCELENTE<\/a><\/span><\/td>\n<td style=\"background: #ebebeb;\"><span style=\"color: #074c6b; font-family: verdana; font-size: 8pt;\">MAR\u00cdLIA<\/span><\/td>\n<td style=\"background: #ebebeb;\"><span style=\"color: #074c6b; font-family: verdana; font-size: 8pt;\">SP<\/span><\/td>\n<\/tr>\n<tr>\n<td><span style=\"color: #074c6b; font-family: verdana; font-size: 8pt;\">IMARUI<\/span><\/td>\n<td><span style=\"color: #074c6b; font-family: verdana; font-size: 8pt;\">CARAGUATATUBA<\/span><\/td>\n<td><span style=\"color: #074c6b; font-family: verdana; font-size: 8pt;\">SP<\/span><\/td>\n<\/tr>\n<tr bgcolor=\"#ebebeb\">\n<td style=\"background: #ebebeb;\"><span style=\"color: #074c6b; font-family: verdana; font-size: 8pt;\"><a href=\"https:\/\/www.menegazzo.com.br\">MENEGAZZO<\/a><\/span><\/td>\n<td style=\"background: #ebebeb;\"><span style=\"color: #074c6b; font-family: verdana; font-size: 8pt;\">AVAR\u00c9<\/span><\/td>\n<td style=\"background: #ebebeb;\"><span style=\"color: #074c6b; font-family: verdana; font-size: 8pt;\">SP<\/span><\/td>\n<\/tr>\n<tr>\n<td><span style=\"color: #074c6b; font-family: verdana; font-size: 8pt;\"><a href=\"https:\/\/www.menegazzo.com.br\">MENEGAZZO ITA<\/a><\/span><\/td>\n<td><span style=\"color: #074c6b; font-family: verdana; font-size: 8pt;\">ITAPETININGA<\/span><\/td>\n<td><span style=\"color: #074c6b; font-family: verdana; font-size: 8pt;\">SP<\/span><\/td>\n<\/tr>\n<tr>\n<td><span style=\"color: #074c6b; font-family: verdana; font-size: 8pt;\">OURIBRAM<\/span><\/td>\n<td><span style=\"color: #074c6b; font-family: verdana; font-size: 8pt;\">OURINHOS<\/span><\/td>\n<td><span style=\"color: #074c6b; font-family: verdana; font-size: 8pt;\">SP<\/span><\/td>\n<\/tr>\n<tr bgcolor=\"#ebebeb\">\n<td style=\"background: #ebebeb;\"><span style=\"color: #074c6b; font-family: verdana; font-size: 8pt;\">RIBEIRA BEER<\/span><\/td>\n<td style=\"background: #ebebeb;\"><span style=\"color: #074c6b; font-family: verdana; font-size: 8pt;\">REGISTRO<\/span><\/td>\n<td style=\"background: #ebebeb;\"><span style=\"color: #074c6b; font-family: verdana; font-size: 8pt;\">SP<\/span><\/td>\n<\/tr>\n<tr>\n<td><span style=\"color: #074c6b; font-family: verdana; font-size: 8pt;\"><a href=\"http:\/\/www.rizatti.com.br\">RIZATTI<\/a><\/span><\/td>\n<td><span style=\"color: #074c6b; font-family: verdana; font-size: 8pt;\">FRANCA<\/span><\/td>\n<td><span style=\"color: #074c6b; font-family: verdana; font-size: 8pt;\">SP<\/span><\/td>\n<\/tr>\n<\/tbody>\n<\/table>\n<p>&nbsp;<\/p>\n<p><!-- <a href=\"#\" data-lightbox-target=\"#overlay1\">Launch internal overlay<\/a> data-lightbox-target=\"#overlay1\" --><\/p>\n<p><script src=\"http:\/\/confenar.com.br\/wp-content\/arquivos\/doc_dev\/arq\/responsive.min.js\"><\/script><\/p>\n","protected":false},"excerpt":{"rendered":"<p>Home &gt; Revendas &gt; Revenda SP &nbsp; REVENDA LOCAL ATLANTICA GUARATINGUET\u00c1 SP BEVALE BEBEDOURO SP BRAPIRA PIRASSUNUNGA SP CONEBEL S\u00c3O JOS\u00c9 DO RIO PRETO SP DIBRAL FERNAND\u00d3POLIS SP EXCELENTE MAR\u00cdLIA SP IMARUI CARAGUATATUBA SP MENEGAZZO AVAR\u00c9 SP MENEGAZZO ITA ITAPETININGA SP OURIBRAM OURINHOS SP RIBEIRA BEER REGISTRO SP RIZATTI FRANCA SP &nbsp;<\/p>\n","protected":false},"author":1,"featured_media":0,"parent":0,"menu_order":27,"comment_status":"closed","ping_status":"closed","template":"","meta":{"_acf_changed":false,"footnotes":""},"class_list":["post-19208","page","type-page","status-publish","hentry"],"acf":[],"_links":{"self":[{"href":"https:\/\/www.confenar.com.br\/index.php\/wp-json\/wp\/v2\/pages\/19208","targetHints":{"allow":["GET"]}}],"collection":[{"href":"https:\/\/www.confenar.com.br\/index.php\/wp-json\/wp\/v2\/pages"}],"about":[{"href":"https:\/\/www.confenar.com.br\/index.php\/wp-json\/wp\/v2\/types\/page"}],"author":[{"embeddable":true,"href":"https:\/\/www.confenar.com.br\/index.php\/wp-json\/wp\/v2\/users\/1"}],"replies":[{"embeddable":true,"href":"https:\/\/www.confenar.com.br\/index.php\/wp-json\/wp\/v2\/comments?post=19208"}],"version-history":[{"count":20,"href":"https:\/\/www.confenar.com.br\/index.php\/wp-json\/wp\/v2\/pages\/19208\/revisions"}],"predecessor-version":[{"id":27098,"href":"https:\/\/www.confenar.com.br\/index.php\/wp-json\/wp\/v2\/pages\/19208\/revisions\/27098"}],"wp:attachment":[{"href":"https:\/\/www.confenar.com.br\/index.php\/wp-json\/wp\/v2\/media?parent=19208"}],"curies":[{"name":"wp","href":"https:\/\/api.w.org\/{rel}","templated":true}]}}