{"id":19213,"date":"2016-11-04T20:06:36","date_gmt":"2016-11-04T20:06:36","guid":{"rendered":"http:\/\/www.confenar.com.br\/?page_id=19213"},"modified":"2025-07-01T16:51:43","modified_gmt":"2025-07-01T16:51:43","slug":"revenda-no","status":"publish","type":"page","link":"https:\/\/www.confenar.com.br\/index.php\/revenda-no\/","title":{"rendered":"Revenda NO"},"content":{"rendered":"<div id=\"breadcrumb_conf\"><a href=\"http:\/\/www.confenar.com.br\">Home <\/a>&gt; <a href=\"http:\/\/www.confenar.com.br\/index.php\/revendas\/\">Revendas<\/a> &gt; Revenda NO<\/div>\n<div id=\"revenda_voltar\"><a href=\"http:\/\/www.confenar.com.br\/index.php\/revendas\/\"><img decoding=\"async\" src=\"http:\/\/www.confenar.com.br\/wp-content\/uploads\/2016\/11\/icone_revendas_voltar.png\" alt=\"\" \/><\/a><\/div>\n<p><script src=\"http:\/\/confenar.com.br\/wp-content\/arquivos\/doc_dev\/arq\/responsive.ie10mobilefix.min.js\"><\/script><\/p>\n<p><!-- [if lt IE 9 &!(IEMobile)]>\n<script src=\"http:\/\/confenar.com.br\/wp-content\/arquivos\/doc_dev\/arq\/vendor\/html5shiv.min.js\"><\/script>\n<script src=\"http:\/\/confenar.com.br\/wp-content\/arquivos\/doc_dev\/arq\/vendor\/respond.min.js\"><\/script>\n<![endif]--><\/p>\n<div id=\"mapa_mg_mapeado\"><a href=\"http:\/\/www.confenar.com.br\/wp-content\/uploads\/2025\/07\/Ativo-21-scaled.png\"><img loading=\"lazy\" decoding=\"async\" class=\"aligncenter wp-image-27087\" src=\"http:\/\/www.confenar.com.br\/wp-content\/uploads\/2025\/07\/Ativo-21-scaled.png\" alt=\"\" width=\"696\" height=\"608\" \/><\/a><\/div>\n<p>&nbsp;<\/p>\n<p>&nbsp;<\/p>\n<p>&nbsp;<\/p>\n<p>&nbsp;<\/p>\n<p>&nbsp;<\/p>\n<p>&nbsp;<\/p>\n<p>&nbsp;<\/p>\n<table border=\"0\" width=\"330\" cellspacing=\"0\" cellpadding=\"2\" align=\"center\">\n<tbody>\n<tr>\n<td style=\"background: #009edf;\"><span style=\"color: #ffffff; font-family: verdana; font-size: 10pt;\">REVENDA<\/span><\/td>\n<td style=\"background: #009edf;\"><span style=\"color: #ffffff; font-family: verdana; font-size: 10pt;\">LOCAL<\/span><\/td>\n<td style=\"background: #009edf;\"><\/td>\n<\/tr>\n<tr bgcolor=\"#ebebeb\">\n<td style=\"background: #ebebeb;\"><span style=\"color: #074c6b; font-family: verdana; font-size: 8pt;\"><a href=\"https:\/\/www.instagram.com\/absdistribuidora_\/\">ABS<\/a><\/span><\/td>\n<td style=\"background: #ebebeb;\"><span style=\"color: #074c6b; font-family: verdana; font-size: 8pt;\">ALTAMIRA<\/span><\/td>\n<td style=\"background: #ebebeb;\"><span style=\"color: #074c6b; font-family: verdana; font-size: 8pt;\">PA<\/span><\/td>\n<\/tr>\n<tr bgcolor=\"#ebebeb\">\n<td style=\"background: #ebebeb;\"><span style=\"color: #074c6b; font-family: verdana; font-size: 8pt;\"><a href=\"https:\/\/www.instagram.com\/asanortedopiaui_oficial\/\">ASA NORTE<\/a><\/span><\/td>\n<td style=\"background: #ebebeb;\"><span style=\"color: #074c6b; font-family: verdana; font-size: 8pt;\">TERESINA<\/span><\/td>\n<td style=\"background: #ebebeb;\"><span style=\"color: #074c6b; font-family: verdana; font-size: 8pt;\">PI<\/span><\/td>\n<\/tr>\n<tr bgcolor=\"#ebebeb\">\n<td style=\"background: #ebebeb;\"><span style=\"color: #074c6b; font-family: verdana; font-size: 8pt;\"><a href=\"https:\/\/www.instagram.com\/asanortedopiaui_oficial\/\">ASA NORTE<\/a><\/span><\/td>\n<td style=\"background: #ebebeb;\"><span style=\"color: #074c6b; font-family: verdana; font-size: 8pt;\">CAMPO MAIOR<\/span><\/td>\n<td style=\"background: #ebebeb;\"><span style=\"color: #074c6b; font-family: verdana; font-size: 8pt;\">PI<\/span><\/td>\n<\/tr>\n<tr>\n<td><span style=\"color: #074c6b; font-family: verdana; font-size: 8pt;\"> CAPITALI<\/span><\/td>\n<td><span style=\"color: #074c6b; font-family: verdana; font-size: 8pt;\">ITAPIPOCA<\/span><\/td>\n<td><span style=\"color: #074c6b; font-family: verdana; font-size: 8pt;\">CE<\/span><\/td>\n<\/tr>\n<tr bgcolor=\"#ebebeb\">\n<td style=\"background: #ebebeb;\"><span style=\"color: #074c6b; font-family: verdana; font-size: 8pt;\"><a href=\"https:\/\/www.instagram.com\/revendacarajas\/\">CARAJ\u00c1S<\/a><\/span><\/td>\n<td style=\"background: #ebebeb;\"><span style=\"color: #074c6b; font-family: verdana; font-size: 8pt;\">PARAUAPEBAS<\/span><\/td>\n<td style=\"background: #ebebeb;\"><span style=\"color: #074c6b; font-family: verdana; font-size: 8pt;\">PA<\/span><\/td>\n<\/tr>\n<tr>\n<td><span style=\"color: #074c6b; font-family: verdana; font-size: 8pt;\"> CDBAR<\/span><\/td>\n<td><span style=\"color: #074c6b; font-family: verdana; font-size: 8pt;\"> ARAPIRACA<\/span><\/td>\n<td><span style=\"color: #074c6b; font-family: verdana; font-size: 8pt;\">AL<\/span><\/td>\n<\/tr>\n<tr bgcolor=\"#ebebeb\">\n<td style=\"background: #ebebeb;\"><span style=\"color: #074c6b; font-family: verdana; font-size: 8pt;\">CDB MARAJ\u00d3<\/span><\/td>\n<td style=\"background: #ebebeb;\"><span style=\"color: #074c6b; font-family: verdana; font-size: 8pt;\">SOURE <\/span><\/td>\n<td style=\"background: #ebebeb;\"><span style=\"color: #074c6b; font-family: verdana; font-size: 8pt;\">PA<\/span><\/td>\n<\/tr>\n<tr>\n<td><span style=\"color: #074c6b; font-family: verdana; font-size: 8pt;\">CIRNE<\/span><\/td>\n<td><span style=\"color: #074c6b; font-family: verdana; font-size: 8pt;\">MOSSOR\u00d3<\/span><\/td>\n<td><span style=\"color: #074c6b; font-family: verdana; font-size: 8pt;\">RN<\/span><\/td>\n<\/tr>\n<tr>\n<td><span style=\"color: #074c6b; font-family: verdana; font-size: 8pt;\"><a href=\"https:\/\/www.instagram.com\/dibrasa.ambev\/\">DIBRASA<\/a><\/span><\/td>\n<td><span style=\"color: #074c6b; font-family: verdana; font-size: 8pt;\">PINHEIRO<\/span><\/td>\n<td><span style=\"color: #074c6b; font-family: verdana; font-size: 8pt;\">MA<\/span><\/td>\n<\/tr>\n<tr>\n<td><span style=\"color: #074c6b; font-family: verdana; font-size: 8pt;\"><a href=\"https:\/\/www.instagram.com\/ambevdife\/\">DIFE VIGIA<\/a><\/span><\/td>\n<td><span style=\"color: #074c6b; font-family: verdana; font-size: 8pt;\">VIGIA<\/span><\/td>\n<td><span style=\"color: #074c6b; font-family: verdana; font-size: 8pt;\">PA<\/span><\/td>\n<\/tr>\n<tr>\n<td><span style=\"color: #074c6b; font-family: verdana; font-size: 8pt;\"><a href=\"https:\/\/www.instagram.com\/dilemos.ambev\/\">DILEMOS<\/a><\/span><\/td>\n<td><span style=\"color: #074c6b; font-family: verdana; font-size: 8pt;\">BALSAS<\/span><\/td>\n<td><span style=\"color: #074c6b; font-family: verdana; font-size: 8pt;\">MA<\/span><\/td>\n<\/tr>\n<tr bgcolor=\"#ebebeb\">\n<td style=\"background: #ebebeb;\"><span style=\"color: #074c6b; font-family: verdana; font-size: 8pt;\">DILINO<\/span><\/td>\n<td style=\"background: #ebebeb;\"><span style=\"color: #074c6b; font-family: verdana; font-size: 8pt;\">S\u00c3O BERNARDO<\/span><\/td>\n<td style=\"background: #ebebeb;\"><span style=\"color: #074c6b; font-family: verdana; font-size: 8pt;\">MA<\/span><\/td>\n<\/tr>\n<tr>\n<td><span style=\"color: #074c6b; font-family: verdana; font-size: 8pt;\"><a href=\"https:\/\/www.instagram.com\/dimab_distribuidora\">DIMAB<\/a><\/span><\/td>\n<td><span style=\"color: #074c6b; font-family: verdana; font-size: 8pt;\">ITAPECURU-MIRIM<\/span><\/td>\n<td><span style=\"color: #074c6b; font-family: verdana; font-size: 8pt;\">MA<\/span><\/td>\n<\/tr>\n<tr bgcolor=\"#ebebeb\">\n<td style=\"background: #ebebeb;\"><span style=\"color: #074c6b; font-family: verdana; font-size: 8pt;\"><a href=\"https:\/\/www.instagram.com\/disbecolrn\/\">DISBECOL<\/a><\/span><\/td>\n<td style=\"background: #ebebeb;\"><span style=\"color: #074c6b; font-family: verdana; font-size: 8pt;\">CAIC\u00d3<\/span><\/td>\n<td style=\"background: #ebebeb;\"><span style=\"color: #074c6b; font-family: verdana; font-size: 8pt;\">RN<\/span><\/td>\n<\/tr>\n<tr>\n<td><span style=\"color: #074c6b; font-family: verdana; font-size: 8pt;\"><a href=\"http:\/\/www.discardistribuidora.com\">DISCAR<\/a><\/span><\/td>\n<td><span style=\"color: #074c6b; font-family: verdana; font-size: 8pt;\">CAXIAS<\/span><\/td>\n<td><span style=\"color: #074c6b; font-family: verdana; font-size: 8pt;\">PI<\/span><\/td>\n<\/tr>\n<tr bgcolor=\"#ebebeb\">\n<td style=\"background: #ebebeb;\"><span style=\"color: #074c6b; font-family: verdana; font-size: 8pt;\"><a href=\"http:\/\/www.discardistribuidora.com\">DISCAR PD<\/a><\/span><\/td>\n<td style=\"background: #ebebeb;\"><span style=\"color: #074c6b; font-family: verdana; font-size: 8pt;\">PRESIDENTE DUTRA<\/span><\/td>\n<td style=\"background: #ebebeb;\"><span style=\"color: #074c6b; font-family: verdana; font-size: 8pt;\">MA<\/span><\/td>\n<\/tr>\n<tr>\n<td><span style=\"color: #074c6b; font-family: verdana; font-size: 8pt;\"><a href=\"http:\/\/www.disfrota.com.br\">DISFROTA<\/a><\/span><\/td>\n<td><span style=\"color: #074c6b; font-family: verdana; font-size: 8pt;\">NOVA RUSSAS<\/span><\/td>\n<td><span style=\"color: #074c6b; font-family: verdana; font-size: 8pt;\">CE<\/span><\/td>\n<\/tr>\n<tr>\n<td><span style=\"color: #074c6b; font-family: verdana; font-size: 8pt;\"><a href=\"https:\/\/www.instagram.com\/revendadisman\/\">DISMAN<\/a><\/span><\/td>\n<td><span style=\"color: #074c6b; font-family: verdana; font-size: 8pt;\"> TUCUM\u00c3<\/span><\/td>\n<td><span style=\"color: #074c6b; font-family: verdana; font-size: 8pt;\">PA<\/span><\/td>\n<\/tr>\n<tr bgcolor=\"#ebebeb\">\n<td style=\"background: #ebebeb;\"><span style=\"color: #074c6b; font-family: verdana; font-size: 8pt;\"><a href=\"https:\/\/www.instagram.com\/dissobel.oficial\/\">DISSOBEL<\/a><\/span><\/td>\n<td style=\"background: #ebebeb;\"><span style=\"color: #074c6b; font-family: verdana; font-size: 8pt;\">SOBRAL<\/span><\/td>\n<td style=\"background: #ebebeb;\"><span style=\"color: #074c6b; font-family: verdana; font-size: 8pt;\">CE<\/span><\/td>\n<\/tr>\n<tr>\n<td><span style=\"color: #074c6b; font-family: verdana; font-size: 8pt;\">DP<\/span><\/td>\n<td><span style=\"color: #074c6b; font-family: verdana; font-size: 8pt;\">MACAP\u00c1<\/span><\/td>\n<td><span style=\"color: #074c6b; font-family: verdana; font-size: 8pt;\">AP<\/span><\/td>\n<\/tr>\n<tr bgcolor=\"#ebebeb\">\n<td style=\"background: #ebebeb;\"><span style=\"color: #074c6b; font-family: verdana; font-size: 8pt;\"><a href=\"https:\/\/www.instagram.com\/ddunasr\/\">DUNAS<\/a><\/span><\/td>\n<td style=\"background: #ebebeb;\"><span style=\"color: #074c6b; font-family: verdana; font-size: 8pt;\">ARACATI<\/span><\/td>\n<td style=\"background: #ebebeb;\"><span style=\"color: #074c6b; font-family: verdana; font-size: 8pt;\">CE<\/span><\/td>\n<\/tr>\n<tr bgcolor=\"#ebebeb\">\n<td style=\"background: #ebebeb;\"><span style=\"color: #074c6b; font-family: verdana; font-size: 8pt;\"><a href=\"https:\/\/www.instagram.com\/ddunasr\/\">DUNAS SERT\u00c3O<\/a><\/span><\/td>\n<td style=\"background: #ebebeb;\"><span style=\"color: #074c6b; font-family: verdana; font-size: 8pt;\">QUIXERAMOBIM<\/span><\/td>\n<td style=\"background: #ebebeb;\"><span style=\"color: #074c6b; font-family: verdana; font-size: 8pt;\">CE<\/span><\/td>\n<\/tr>\n<tr>\n<td><span style=\"color: #074c6b; font-family: verdana; font-size: 8pt;\">ELDORADO<\/span><\/td>\n<td><span style=\"color: #074c6b; font-family: verdana; font-size: 8pt;\">FLORIANO<\/span><\/td>\n<td><span style=\"color: #074c6b; font-family: verdana; font-size: 8pt;\">PI<\/span><\/td>\n<\/tr>\n<tr bgcolor=\"#ebebeb\">\n<td style=\"background: #ebebeb;\"><span style=\"color: #074c6b; font-family: verdana; font-size: 8pt;\">GP7<\/span><\/td>\n<td style=\"background: #ebebeb;\"><span style=\"color: #074c6b; font-family: verdana; font-size: 8pt;\">CAPANEMA<\/span><\/td>\n<td style=\"background: #ebebeb;\"><span style=\"color: #074c6b; font-family: verdana; font-size: 8pt;\">PA<\/span><\/td>\n<\/tr>\n<tr>\n<td><a href=\"https:\/\/www.instagram.com\/inovalog.ambev\/\"><span style=\"color: #074c6b; font-family: verdana; font-size: 8pt;\">INOVALOG<\/span><\/a><\/td>\n<td><span style=\"color: #074c6b; font-family: verdana; font-size: 8pt;\">BACABAL<\/span><\/td>\n<td><span style=\"color: #074c6b; font-family: verdana; font-size: 8pt;\">MA<\/span><\/td>\n<\/tr>\n<tr>\n<td><a href=\"https:\/\/www.instagram.com\/jodibeoficial\/\"><span style=\"color: #074c6b; font-family: verdana; font-size: 8pt;\">JODIBE CARIRI<\/span><\/a><\/td>\n<td><span style=\"color: #074c6b; font-family: verdana; font-size: 8pt;\">CRATO<\/span><\/td>\n<td><span style=\"color: #074c6b; font-family: verdana; font-size: 8pt;\">CE<\/span><\/td>\n<\/tr>\n<tr bgcolor=\"#ebebeb\">\n<td style=\"background: #ebebeb;\"><span style=\"color: #074c6b; font-family: verdana; font-size: 8pt;\"><a href=\"https:\/\/www.instagram.com\/revenda.libel\/\">LIBEL<\/a><\/span><\/td>\n<td style=\"background: #ebebeb;\"><span style=\"color: #074c6b; font-family: verdana; font-size: 8pt;\">ROS\u00c1RIO<\/span><\/td>\n<td style=\"background: #ebebeb;\"><span style=\"color: #074c6b; font-family: verdana; font-size: 8pt;\">MA<\/span><\/td>\n<\/tr>\n<tr>\n<td><span style=\"color: #074c6b; font-family: verdana; font-size: 8pt;\"> M4K<\/span><\/td>\n<td><span style=\"color: #074c6b; font-family: verdana; font-size: 8pt;\">GRAJA\u00da<\/span><\/td>\n<td><span style=\"color: #074c6b; font-family: verdana; font-size: 8pt;\">MA<\/span><\/td>\n<\/td>\n<tr>\n<td><span style=\"color: #074c6b; font-family: verdana; font-size: 8pt;\"><a href=\"https:\/\/www.instagram.com\/revendam4k\/\">MAIN\u00c1<\/a><\/span><\/td>\n<td><span style=\"color: #074c6b; font-family: verdana; font-size: 8pt;\">REDEN\u00c7\u00c3O<\/span><\/td>\n<td><span style=\"color: #074c6b; font-family: verdana; font-size: 8pt;\">PA<\/span><\/td>\n<\/tr>\n<tr>\n<td><span style=\"color: #074c6b; font-family: verdana; font-size: 8pt;\"><a href=\"http:\/\/www.oliveirapara.com.br\">OLIVEIRA<\/a><\/span><\/td>\n<td><span style=\"color: #074c6b; font-family: verdana; font-size: 8pt;\">ABAETETUBA<\/span><\/td>\n<td><span style=\"color: #074c6b; font-family: verdana; font-size: 8pt;\">PA<\/span><\/td>\n<\/tr>\n<tr bgcolor=\"#ebebeb\">\n<td style=\"background: #ebebeb;\"><span style=\"color: #074c6b; font-family: verdana; font-size: 8pt;\">SOLAR<\/span><\/td>\n<td style=\"background: #ebebeb;\"><span style=\"color: #074c6b; font-family: verdana; font-size: 8pt;\">ARAGUA\u00cdNA<\/span><\/td>\n<td style=\"background: #ebebeb;\"><span style=\"color: #074c6b; font-family: verdana; font-size: 8pt;\">TO<\/span><\/td>\n<\/tr>\n<tr bgcolor=\"#ebebeb\">\n<td style=\"background: #ebebeb;\"><span style=\"color: #074c6b; font-family: verdana; font-size: 8pt;\">TOCANTINS<\/span><\/td>\n<td style=\"background: #ebebeb;\"><span style=\"color: #074c6b; font-family: verdana; font-size: 8pt;\">CAMET\u00c1<\/span><\/td>\n<td style=\"background: #ebebeb;\"><span style=\"color: #074c6b; font-family: verdana; font-size: 8pt;\">PA<\/span><\/td>\n<\/tr>\n<tr>\n<td><span style=\"color: #074c6b; font-family: verdana; font-size: 8pt;\">VIA BEBIDAS<\/span><\/td>\n<td><span style=\"color: #074c6b; font-family: verdana; font-size: 8pt;\">PICOS<\/span><\/td>\n<td><span style=\"color: #074c6b; font-family: verdana; font-size: 8pt;\">PI<\/span><\/td>\n<\/tr>\n<\/tbody>\n<\/table>\n<p>&nbsp;<\/p>\n<p>&nbsp;<\/p>\n<div id=\"overlay1\" class=\"hidden\"><\/div>\n<p><!-- [if IE 8]>\n<script src=\"http:\/\/confenar.com.br\/wp-content\/arquivos\/doc_dev\/arq\/vendor\/jquery-1.11.0.min.js\"><\/script>\n<![endif]--><br \/>\n<!-- [if gt IE 8]><!--><br \/>\n<script src=\"http:\/\/confenar.com.br\/wp-content\/arquivos\/doc_dev\/arq\/vendor\/jquery-2.1.0.min.js\"><\/script><br \/>\n<!--<![endif]--><\/p>\n<p><script src=\"http:\/\/confenar.com.br\/wp-content\/arquivos\/doc_dev\/arq\/responsive.min.js\"><\/script><\/p>\n","protected":false},"excerpt":{"rendered":"<p>Home &gt; Revendas &gt; Revenda NO &nbsp; &nbsp; &nbsp; &nbsp; &nbsp; &nbsp; &nbsp; REVENDA LOCAL ABS ALTAMIRA PA ASA NORTE TERESINA PI ASA NORTE CAMPO MAIOR PI CAPITALI ITAPIPOCA CE CARAJ\u00c1S PARAUAPEBAS PA CDBAR ARAPIRACA AL CDB MARAJ\u00d3 SOURE PA CIRNE MOSSOR\u00d3 RN DIBRASA PINHEIRO MA DIFE VIGIA VIGIA PA DILEMOS BALSAS MA DILINO S\u00c3O [&hellip;]<\/p>\n","protected":false},"author":1,"featured_media":0,"parent":0,"menu_order":25,"comment_status":"closed","ping_status":"closed","template":"","meta":{"_acf_changed":false,"footnotes":""},"class_list":["post-19213","page","type-page","status-publish","hentry"],"acf":[],"_links":{"self":[{"href":"https:\/\/www.confenar.com.br\/index.php\/wp-json\/wp\/v2\/pages\/19213","targetHints":{"allow":["GET"]}}],"collection":[{"href":"https:\/\/www.confenar.com.br\/index.php\/wp-json\/wp\/v2\/pages"}],"about":[{"href":"https:\/\/www.confenar.com.br\/index.php\/wp-json\/wp\/v2\/types\/page"}],"author":[{"embeddable":true,"href":"https:\/\/www.confenar.com.br\/index.php\/wp-json\/wp\/v2\/users\/1"}],"replies":[{"embeddable":true,"href":"https:\/\/www.confenar.com.br\/index.php\/wp-json\/wp\/v2\/comments?post=19213"}],"version-history":[{"count":29,"href":"https:\/\/www.confenar.com.br\/index.php\/wp-json\/wp\/v2\/pages\/19213\/revisions"}],"predecessor-version":[{"id":27161,"href":"https:\/\/www.confenar.com.br\/index.php\/wp-json\/wp\/v2\/pages\/19213\/revisions\/27161"}],"wp:attachment":[{"href":"https:\/\/www.confenar.com.br\/index.php\/wp-json\/wp\/v2\/media?parent=19213"}],"curies":[{"name":"wp","href":"https:\/\/api.w.org\/{rel}","templated":true}]}}