{"id":19215,"date":"2016-11-04T20:14:48","date_gmt":"2016-11-04T20:14:48","guid":{"rendered":"http:\/\/www.confenar.com.br\/?page_id=19215"},"modified":"2025-06-24T11:49:40","modified_gmt":"2025-06-24T11:49:40","slug":"revenda-ne","status":"publish","type":"page","link":"https:\/\/www.confenar.com.br\/index.php\/revenda-ne\/","title":{"rendered":"Revenda NE"},"content":{"rendered":"<div id=\"breadcrumb_conf\"><a href=\"http:\/\/www.confenar.com.br\">Home <\/a>&gt; <a href=\"http:\/\/www.confenar.com.br\/index.php\/revendas\/\">Revendas<\/a> &gt; Revenda NE<\/div>\n<div id=\"revenda_voltar\" style=\"z-index: 9999999;\"><a href=\"http:\/\/www.confenar.com.br\/index.php\/revendas\/\"><img decoding=\"async\" src=\"http:\/\/www.confenar.com.br\/wp-content\/uploads\/2016\/11\/icone_revendas_voltar.png\" alt=\"\" \/><\/a><\/div>\n<p>&nbsp;<\/p>\n<p><!-- [if lt IE 9 &!(IEMobile)]>\n<script src=\"http:\/\/confenar.com.br\/wp-content\/arquivos\/doc_dev\/arq\/vendor\/html5shiv.min.js\"><span data-mce-type=\"bookmark\" style=\"display: inline-block; width: 0px; overflow: hidden; line-height: 0;\" class=\"mce_SELRES_start\">\ufeff<\/span><\/script>\n<script src=\"http:\/\/confenar.com.br\/wp-content\/arquivos\/doc_dev\/arq\/vendor\/respond.min.js\"><\/script>\n<![endif]--><\/p>\n<div id=\"mapa_mg_mapeado\"><a href=\"http:\/\/www.confenar.com.br\/wp-content\/uploads\/2025\/06\/Ativo-16.png\"><img loading=\"lazy\" decoding=\"async\" class=\"aligncenter wp-image-27087\" src=\"http:\/\/www.confenar.com.br\/wp-content\/uploads\/2025\/06\/Ativo-16.png\" alt=\"\" width=\"696\" height=\"608\" \/><\/a><\/div>\n<p>&nbsp;<\/p>\n<p>&nbsp;<\/p>\n<table style=\"height: 1010px;\" border=\"0\" width=\"330\" cellspacing=\"0\" cellpadding=\"2\" align=\"center\">\n<tbody>\n<tr>\n<td style=\"background: #42a62a;\"><span style=\"color: #ffffff; font-family: verdana; font-size: 10pt;\">REVENDA<\/span><\/td>\n<td style=\"background: #42a62a;\"><span style=\"color: #ffffff; font-family: verdana; font-size: 10pt;\">LOCAL<\/span><\/td>\n<td style=\"background: #42a62a;\"><\/td>\n<\/tr>\n<tr bgcolor=\"#ebebeb\">\n<td style=\"background: #ebebeb;\"><span style=\"color: #074c6b; font-family: verdana; font-size: 8pt;\"><a href=\"http:\/\/www.adib.com.br\">ADIB<\/a><\/span><\/td>\n<td style=\"background: #ebebeb;\"><span style=\"color: #074c6b; font-family: verdana; font-size: 8pt;\">SANTO ANT\u00d4NIO DE JESUS<\/span><\/td>\n<td style=\"background: #ebebeb;\"><span style=\"color: #074c6b; font-family: verdana; font-size: 8pt;\">BA<\/span><\/td>\n<\/tr>\n<tr>\n<td><span style=\"color: #074c6b; font-family: verdana; font-size: 8pt;\">BEIRA RIO<\/span><\/td>\n<td><span style=\"color: #074c6b; font-family: verdana; font-size: 8pt;\">PETROLINA<\/span><\/td>\n<td><span style=\"color: #074c6b; font-family: verdana; font-size: 8pt;\">PE<\/span><\/td>\n<\/tr>\n<tr bgcolor=\"#ebebeb\">\n<td style=\"background: #ebebeb;\"><span style=\"color: #074c6b; font-family: verdana; font-size: 8pt;\"><a href=\"https:\/\/www.instagram.com\/grupomitidieri.ambev\/\">CBB<\/a><\/span><\/td>\n<td style=\"background: #ebebeb;\"><span style=\"color: #074c6b; font-family: verdana; font-size: 8pt;\">BOQUIM<\/span><\/td>\n<td style=\"background: #ebebeb;\"><span style=\"color: #074c6b; font-family: verdana; font-size: 8pt;\">SE<\/span><\/td>\n<\/tr>\n<tr>\n<td><span style=\"color: #074c6b; font-family: verdana; font-size: 8pt;\"><a href=\"https:\/\/www.instagram.com\/grupomitidieri.ambev\/\">CBM<\/a><\/span><\/td>\n<td><span style=\"color: #074c6b; font-family: verdana; font-size: 8pt;\">CARPINA<\/span><\/td>\n<td><span style=\"color: #074c6b; font-family: verdana; font-size: 8pt;\">PE<\/span><\/td>\n<\/tr>\n<tr bgcolor=\"#ebebeb\">\n<td style=\"background: #ebebeb;\"><span style=\"color: #074c6b; font-family: verdana; font-size: 8pt;\"><a href=\"https:\/\/www.instagram.com\/grupomitidieri.ambev\/\">CBS<\/a><\/span><\/td>\n<td style=\"background: #ebebeb;\"><span style=\"color: #074c6b; font-family: verdana; font-size: 8pt;\">ITABAIANA<\/span><\/td>\n<td style=\"background: #ebebeb;\"><span style=\"color: #074c6b; font-family: verdana; font-size: 8pt;\">SE<\/span><\/td>\n<\/tr>\n<tr>\n<td><span style=\"color: #074c6b; font-family: verdana; font-size: 8pt;\">CLEDISBEL <\/span><\/td>\n<td><span style=\"color: #074c6b; font-family: verdana; font-size: 8pt;\">UNI\u00c3O DOS PALMARES<\/span><\/td>\n<td><span style=\"color: #074c6b; font-family: verdana; font-size: 8pt;\">AL<\/span><\/td>\n<\/tr>\n<tr bgcolor=\"#ebebeb\">\n<td style=\"background: #ebebeb;\"><span style=\"color: #074c6b; font-family: verdana; font-size: 8pt;\"> <a href=\"https:\/\/www.instagram.com\/revendaambevcmd\/\">CMD<\/a><\/span><\/td>\n<td style=\"background: #ebebeb;\"><span style=\"color: #074c6b; font-family: verdana; font-size: 8pt;\">CONDE<\/span><\/td>\n<td style=\"background: #ebebeb;\"><span style=\"color: #074c6b; font-family: verdana; font-size: 8pt;\">PB<\/span><\/td>\n<\/tr>\n<tr>\n<td><span style=\"color: #074c6b; font-family: verdana; font-size: 8pt;\">DBS<\/span><\/td>\n<td><span style=\"color: #074c6b; font-family: verdana; font-size: 8pt;\"> SANTALUZ<\/span><\/td>\n<td><span style=\"color: #074c6b; font-family: verdana; font-size: 8pt;\">BA<\/span><\/td>\n<\/tr>\n<tr>\n<td><span style=\"color: #074c6b; font-family: verdana; font-size: 8pt;\">DIBEC<\/span><\/td>\n<td><span style=\"color: #074c6b; font-family: verdana; font-size: 8pt;\">JACOBINA<\/span><\/td>\n<td><span style=\"color: #074c6b; font-family: verdana; font-size: 8pt;\">BA<\/span><\/td>\n<\/tr>\n<tr bgcolor=\"#ebebeb\">\n<td style=\"background: #ebebeb;\"><span style=\"color: #074c6b; font-family: verdana; font-size: 8pt;\"><a href=\"https:\/\/www.instagram.com\/dibesa.dist.de.beb.ltda\/\">DIBESA<\/a><\/span><\/td>\n<td style=\"background: #ebebeb;\"><span style=\"color: #074c6b; font-family: verdana; font-size: 8pt;\">IGUATU<\/span><\/td>\n<td style=\"background: #ebebeb;\"><span style=\"color: #074c6b; font-family: verdana; font-size: 8pt;\">CE<\/span><\/td>\n<\/tr>\n<tr bgcolor=\"#ebebeb\">\n<td style=\"background: #ebebeb;\"><span style=\"color: #074c6b; font-family: verdana; font-size: 8pt;\"><a href=\"www.disbec-al.com.br\">DISBEC<\/a><\/span><\/td>\n<td style=\"background: #ebebeb;\"><span style=\"color: #074c6b; font-family: verdana; font-size: 8pt;\">S\u00c3O MIGUEL DOS CAMPOS<\/span><\/td>\n<td style=\"background: #ebebeb;\"><span style=\"color: #074c6b; font-family: verdana; font-size: 8pt;\">AL<\/span><\/td>\n<\/tr>\n<tr>\n<td><span style=\"color: #074c6b; font-family: verdana; font-size: 8pt;\"><a href=\"https:\/\/www.instagram.com\/diskoloficial\/\">DISKOL<\/a><\/span><\/td>\n<td><span style=\"color: #074c6b; font-family: verdana; font-size: 8pt;\">IREC\u00ca<\/span><\/td>\n<td><span style=\"color: #074c6b; font-family: verdana; font-size: 8pt;\">BA<\/span><\/td>\n<\/tr>\n<td><\/td>\n<\/tr>\n<tr bgcolor=\"#ebebeb\">\n<td style=\"background: #ebebeb;\"><span style=\"color: #074c6b; font-family: verdana; font-size: 8pt;\">GP7<\/span><\/td>\n<td style=\"background: #ebebeb;\"><span style=\"color: #074c6b; font-family: verdana; font-size: 8pt;\">TEIXEIRA DE FREITAS<\/span><\/td>\n<td style=\"background: #ebebeb;\"><span style=\"color: #074c6b; font-family: verdana; font-size: 8pt;\">BA<\/span><\/td>\n<\/tr>\n<tr bgcolor=\"#ebebeb\">\n<td style=\"background: #ebebeb;\"><span style=\"color: #074c6b; font-family: verdana; font-size: 8pt;\">GP7 NORDESTE<\/span><\/td>\n<td style=\"background: #ebebeb;\"><span style=\"color: #074c6b; font-family: verdana; font-size: 8pt;\">EUNAPOLIS<\/span><\/td>\n<td style=\"background: #ebebeb;\"><span style=\"color: #074c6b; font-family: verdana; font-size: 8pt;\">BA<\/span><\/td>\n<\/tr>\n<tr>\n<td><\/td>\n<td><\/td>\n<td><\/td>\n<\/tr>\n<tr bgcolor=\"#ebebeb\">\n<td style=\"background: #ebebeb;\"><span style=\"color: #074c6b; font-family: verdana; font-size: 8pt;\">JMG BEER LTDA <\/span><\/td>\n<td style=\"background: #ebebeb;\"><span style=\"color: #074c6b; font-family: verdana; font-size: 8pt;\">PARAMIRIM<\/span><\/td>\n<td style=\"background: #ebebeb;\"><span style=\"color: #074c6b; font-family: verdana; font-size: 8pt;\">BA<\/span><\/td>\n<\/tr>\n<tr>\n<td><span style=\"color: #074c6b; font-family: verdana; font-size: 8pt;\"><a href=\"https:\/\/www.instagram.com\/jodibeoficial\/\">JODIBE PE<\/a><\/span><\/td>\n<td><span style=\"color: #074c6b; font-family: verdana; font-size: 8pt;\">SERRA TALHADA<\/span><\/td>\n<td><span style=\"color: #074c6b; font-family: verdana; font-size: 8pt;\">PE<\/span><\/td>\n<\/tr>\n<tr bgcolor=\"#ebebeb\">\n<td style=\"background: #ebebeb;\"><span style=\"color: #074c6b; font-family: verdana; font-size: 8pt;\"><a href=\"https:\/\/www.instagram.com\/jodibeoficial\/\">JODIBE PE. AGRESTE.<\/a><\/span><\/td>\n<td style=\"background: #ebebeb;\"><span style=\"color: #074c6b; font-family: verdana; font-size: 8pt;\">GARANHUNS<\/span><\/td>\n<td style=\"background: #ebebeb;\"><span style=\"color: #074c6b; font-family: verdana; font-size: 8pt;\">PE<\/span><\/td>\n<\/tr>\n<tr>\n<td><span style=\"color: #074c6b; font-family: verdana; font-size: 8pt;\">JODIBE SERT\u00c3O<\/span><\/td>\n<td><span style=\"color: #074c6b; font-family: verdana; font-size: 8pt;\">SALGUEIRO<\/span><\/td>\n<td><span style=\"color: #074c6b; font-family: verdana; font-size: 8pt;\">PE<\/span><\/td>\n<\/tr>\n<tr bgcolor=\"#ebebeb\">\n<td style=\"background: #ebebeb;\"><span style=\"color: #074c6b; font-family: verdana; font-size: 8pt;\">LIMA <\/span><\/td>\n<td style=\"background: #ebebeb;\"><span style=\"color: #074c6b; font-family: verdana; font-size: 8pt;\">BARREIRAS<\/span><\/td>\n<td style=\"background: #ebebeb;\"><span style=\"color: #074c6b; font-family: verdana; font-size: 8pt;\">BA<\/span><\/td>\n<\/tr>\n<tr>\n<td><span style=\"color: #074c6b; font-family: verdana; font-size: 8pt;\"><a href=\"https:\/\/www.instagram.com\/revendalitoralambev\/\">LITORAL DISTRIBUIDORA<\/a><\/span><\/td>\n<td><span style=\"color: #074c6b; font-family: verdana; font-size: 8pt;\">IPIA\u00da<\/span><\/td>\n<td><span style=\"color: #074c6b; font-family: verdana; font-size: 8pt;\">BA<\/span><\/td>\n<\/tr>\n<tr>\n<td><\/td>\n<td><\/td>\n<td><\/td>\n<\/tr>\n<tr bgcolor=\"#ebebeb\">\n<td style=\"background: #ebebeb;\"><\/td>\n<td style=\"background: #ebebeb;\"><\/td>\n<td style=\"background: #ebebeb;\"><\/td>\n<\/tr>\n<tr>\n<td><span style=\"color: #074c6b; font-family: verdana; font-size: 8pt;\"><a href=\"https:\/\/www.instagram.com\/paubrasil.ambev\/\">PAU BRASIL<\/a><\/span><\/td>\n<td><span style=\"color: #074c6b; font-family: verdana; font-size: 8pt;\">SOUSA<\/span><\/td>\n<td><span style=\"color: #074c6b; font-family: verdana; font-size: 8pt;\">PB<\/span><\/td>\n<\/tr>\n<tr bgcolor=\"#ebebeb\">\n<td style=\"background: #ebebeb;\"><span style=\"color: #074c6b; font-family: verdana; font-size: 8pt;\"><a href=\"https:\/\/www.instagram.com\/paubrasil.ambev\/\">PAU BRASIL<\/a><\/span><\/td>\n<td style=\"background: #ebebeb;\"><span style=\"color: #074c6b; font-family: verdana; font-size: 8pt;\">PATOS<\/span><\/td>\n<td style=\"background: #ebebeb;\"><span style=\"color: #074c6b; font-family: verdana; font-size: 8pt;\">PB<\/span><\/td>\n<\/tr>\n<tr>\n<td><span style=\"color: #074c6b; font-family: verdana; font-size: 8pt;\"><a href=\"https:\/\/www.instagram.com\/revalleoficial\/\">REVALLE<\/a><\/span><\/td>\n<td><span style=\"color: #074c6b; font-family: verdana; font-size: 8pt;\">JUAZEIRO<\/span><\/td>\n<td><span style=\"color: #074c6b; font-family: verdana; font-size: 8pt;\">BA<\/span><\/td>\n<\/tr>\n<tr bgcolor=\"#ebebeb\">\n<td style=\"background: #ebebeb;\"><span style=\"color: #074c6b; font-family: verdana; font-size: 8pt;\"><a href=\"https:\/\/www.instagram.com\/revalleoficial\/\">REVALLE AGRESTE<\/a><\/span><\/td>\n<td style=\"background: #ebebeb;\"><span style=\"color: #074c6b; font-family: verdana; font-size: 8pt;\">ALAGOINHAS<\/span><\/td>\n<td style=\"background: #ebebeb;\"><span style=\"color: #074c6b; font-family: verdana; font-size: 8pt;\">BA<\/span><\/td>\n<\/tr>\n<tr>\n<td><span style=\"color: #074c6b; font-family: verdana; font-size: 8pt;\"> <a href=\"https:\/\/www.instagram.com\/revalleoficial\/\">REVALLE NORDESTE<\/a><\/span><\/td>\n<td><span style=\"color: #074c6b; font-family: verdana; font-size: 8pt;\">RIBEIRA DO POMBAL<\/span><\/td>\n<td><span style=\"color: #074c6b; font-family: verdana; font-size: 8pt;\">BA<\/span><\/td>\n<\/tr>\n<tr bgcolor=\"#ebebeb\">\n<td style=\"background: #ebebeb;\"><span style=\"color: #074c6b; font-family: verdana; font-size: 8pt;\"><a href=\"https:\/\/www.instagram.com\/revenda.santabarbara\/\">SANTA B\u00c1RBARA<\/a><\/span><\/td>\n<td style=\"background: #ebebeb;\"><span style=\"color: #074c6b; font-family: verdana; font-size: 8pt;\">UAU\u00c1<\/span><\/td>\n<td style=\"background: #ebebeb;\"><span style=\"color: #074c6b; font-family: verdana; font-size: 8pt;\">BA<\/span><\/td>\n<\/tr>\n<tr>\n<td><span style=\"color: #074c6b; font-family: verdana; font-size: 8pt;\"><a href=\"https:\/\/www.instagram.com\/umbeer.revendaambev\/\">UMBEER<\/a><\/span><\/td>\n<td><span style=\"color: #074c6b; font-family: verdana; font-size: 8pt;\">S\u00c3O JOS\u00c9 DA TAPERA<\/span><\/td>\n<td><span style=\"color: #074c6b; font-family: verdana; font-size: 8pt;\">AL<\/span><\/td>\n<\/tr>\n<\/tbody>\n<\/table>\n<p>&nbsp;<\/p>\n<p>&nbsp;<\/p>\n<p><!-- [if IE 8]>\n<script src=\"http:\/\/confenar.com.br\/wp-content\/arquivos\/doc_dev\/arq\/vendor\/jquery-1.11.0.min.js\"><\/script>\n<![endif]--><br \/>\n<!--<![endif]--><\/p>\n<p>&nbsp;<\/p>\n","protected":false},"excerpt":{"rendered":"<p>Home &gt; Revendas &gt; Revenda NE &nbsp; &nbsp; &nbsp; REVENDA LOCAL ADIB SANTO ANT\u00d4NIO DE JESUS BA BEIRA RIO PETROLINA PE CBB BOQUIM SE CBM CARPINA PE CBS ITABAIANA SE CLEDISBEL UNI\u00c3O DOS PALMARES AL CMD CONDE PB DBS SANTALUZ BA DIBEC JACOBINA BA DIBESA IGUATU CE DISBEC S\u00c3O MIGUEL DOS CAMPOS AL DISKOL IREC\u00ca [&hellip;]<\/p>\n","protected":false},"author":1,"featured_media":0,"parent":0,"menu_order":24,"comment_status":"closed","ping_status":"closed","template":"","meta":{"_acf_changed":false,"footnotes":""},"class_list":["post-19215","page","type-page","status-publish","hentry"],"acf":[],"_links":{"self":[{"href":"https:\/\/www.confenar.com.br\/index.php\/wp-json\/wp\/v2\/pages\/19215","targetHints":{"allow":["GET"]}}],"collection":[{"href":"https:\/\/www.confenar.com.br\/index.php\/wp-json\/wp\/v2\/pages"}],"about":[{"href":"https:\/\/www.confenar.com.br\/index.php\/wp-json\/wp\/v2\/types\/page"}],"author":[{"embeddable":true,"href":"https:\/\/www.confenar.com.br\/index.php\/wp-json\/wp\/v2\/users\/1"}],"replies":[{"embeddable":true,"href":"https:\/\/www.confenar.com.br\/index.php\/wp-json\/wp\/v2\/comments?post=19215"}],"version-history":[{"count":41,"href":"https:\/\/www.confenar.com.br\/index.php\/wp-json\/wp\/v2\/pages\/19215\/revisions"}],"predecessor-version":[{"id":27152,"href":"https:\/\/www.confenar.com.br\/index.php\/wp-json\/wp\/v2\/pages\/19215\/revisions\/27152"}],"wp:attachment":[{"href":"https:\/\/www.confenar.com.br\/index.php\/wp-json\/wp\/v2\/media?parent=19215"}],"curies":[{"name":"wp","href":"https:\/\/api.w.org\/{rel}","templated":true}]}}