{"id":19218,"date":"2016-11-04T20:17:39","date_gmt":"2016-11-04T20:17:39","guid":{"rendered":"http:\/\/www.confenar.com.br\/?page_id=19218"},"modified":"2025-07-01T16:43:50","modified_gmt":"2025-07-01T16:43:50","slug":"revenda-mg","status":"publish","type":"page","link":"https:\/\/www.confenar.com.br\/index.php\/revenda-mg\/","title":{"rendered":"Revenda MG"},"content":{"rendered":"<div id=\"breadcrumb_conf\"><a href=\"http:\/\/www.confenar.com.br\">Home <\/a>&gt; <a href=\"http:\/\/www.confenar.com.br\/index.php\/revendas\/\">Revendas<\/a> &gt; Revenda MG<\/div>\n<div id=\"revenda_voltar\" style=\"z-index: 9999999;\"><a href=\"http:\/\/www.confenar.com.br\/index.php\/revendas\/\"><img decoding=\"async\" src=\"http:\/\/www.confenar.com.br\/wp-content\/uploads\/2016\/11\/icone_revendas_voltar.png\" alt=\"\" \/><\/a><\/div>\n<p><script src=\"http:\/\/confenar.com.br\/wp-content\/arquivos\/doc_dev\/arq\/responsive.ie10mobilefix.min.js\"><\/script><\/p>\n<p><!-- [if lt IE 9 &!(IEMobile)]>\n<script src=\"http:\/\/confenar.com.br\/wp-content\/arquivos\/doc_dev\/arq\/vendor\/html5shiv.min.js\"><\/script>\n<script src=\"http:\/\/confenar.com.br\/wp-content\/arquivos\/doc_dev\/arq\/vendor\/respond.min.js\"><\/script>\n<![endif]--><\/p>\n<div id=\"mapa_mg_mapeado\"><a href=\"http:\/\/www.confenar.com.br\/wp-content\/uploads\/2025\/07\/Ativo-20.png\"><img loading=\"lazy\" decoding=\"async\" class=\"aligncenter  wp-image-27087\" src=\"http:\/\/www.confenar.com.br\/wp-content\/uploads\/2025\/07\/Ativo-20.png\" alt=\"\" width=\"696\" height=\"608\" \/><\/a><\/div>\n<p>&nbsp;<\/p>\n<p>&nbsp;<\/p>\n<table style=\"height: 565px;\" border=\"0\" width=\"330\" cellspacing=\"0\" cellpadding=\"2\" align=\"center\">\n<tbody>\n<tr>\n<td style=\"background: #ff5127;\"><span style=\"color: #ffffff; font-family: verdana; font-size: 10pt;\">REVENDA<\/span><\/td>\n<td style=\"background: #ff5127;\"><span style=\"color: #ffffff; font-family: verdana; font-size: 10pt;\">LOCAL<\/span><\/td>\n<td style=\"background: #ff5127;\"><\/td>\n<\/tr>\n<tr bgcolor=\"#ebebeb\">\n<td style=\"background: #ebebeb;\"><span style=\"color: #074c6b; font-family: verdana; font-size: 8pt;\"><a href=\"https:\/\/www.instagram.com\/farid_a3p\/\">A3P<\/a><\/span><\/td>\n<td style=\"background: #ebebeb;\"><span style=\"color: #074c6b; font-family: verdana; font-size: 8pt;\">PATOS DE MINAS<\/span><\/td>\n<td style=\"background: #ebebeb;\"><span style=\"color: #074c6b; font-family: verdana; font-size: 8pt;\">MG<\/span><\/td>\n<\/tr>\n<tr bgcolor=\"#ebebeb\">\n<td style=\"background: #ebebeb;\"><span style=\"color: #074c6b; font-family: verdana; font-size: 8pt;\">AMARAL<\/span><\/td>\n<td style=\"background: #ebebeb;\"><span style=\"color: #074c6b; font-family: verdana; font-size: 8pt;\">CURVELO<\/span><\/td>\n<td style=\"background: #ebebeb;\"><span style=\"color: #074c6b; font-family: verdana; font-size: 8pt;\">MG<\/span><\/td>\n<\/tr>\n<tr>\n<td><span style=\"color: #074c6b; font-family: verdana; font-size: 8pt;\"><a href=\"https:\/\/www.instagram.com\/araujodistribuidoraltda\/\">ARA\u00daJO<\/a><\/span><\/td>\n<td><span style=\"color: #074c6b; font-family: verdana; font-size: 8pt;\">GOVERNADOR VALADARES<\/span><\/td>\n<td><span style=\"color: #074c6b; font-family: verdana; font-size: 8pt;\">MG<\/span><\/td>\n<\/tr>\n<tr bgcolor=\"#ebebeb\">\n<td style=\"background: #ebebeb;\"><span style=\"color: #074c6b; font-family: verdana; font-size: 8pt;\"><a href=\"http:\/\/www.barretonoman.com.br\">BARRETO NOMAN<\/a><\/span><\/td>\n<td style=\"background: #ebebeb;\"><span style=\"color: #074c6b; font-family: verdana; font-size: 8pt;\">TE\u00d3FILO OTONI<\/span><\/td>\n<td style=\"background: #ebebeb;\"><span style=\"color: #074c6b; font-family: verdana; font-size: 8pt;\">MG<\/span><\/td>\n<\/tr>\n<tr>\n<td><span style=\"color: #074c6b; font-family: verdana; font-size: 8pt;\"><a href=\"https:\/\/www.instagram.com\/farid_ambev\">BEBIDAS FARID<\/a><\/span><\/td>\n<td><span style=\"color: #074c6b; font-family: verdana; font-size: 8pt;\">MARIANA<\/span><\/td>\n<td><span style=\"color: #074c6b; font-family: verdana; font-size: 8pt;\">MG<\/span><\/td>\n<\/tr>\n<tr bgcolor=\"#ebebeb\">\n<td style=\"background: #ebebeb;\"><span style=\"color: #074c6b; font-family: verdana; font-size: 8pt;\"> <a href=\"https:\/\/www.instagram.com\/brasmarketambev\">BRASMARKET<\/a><\/span><\/td>\n<td style=\"background: #ebebeb;\"><span style=\"color: #074c6b; font-family: verdana; font-size: 8pt;\">ITUIUTABA<\/span><\/td>\n<td style=\"background: #ebebeb;\"><span style=\"color: #074c6b; font-family: verdana; font-size: 8pt;\">MG<\/span><\/td>\n<\/tr>\n<tr bgcolor=\"#ebebeb\">\n<td style=\"background: #ebebeb;\"><span style=\"color: #074c6b; font-family: verdana; font-size: 8pt;\">BRASUL<\/span><\/td>\n<td style=\"background: #ebebeb;\"><span style=\"color: #074c6b; font-family: verdana; font-size: 8pt;\">DIVIN\u00d3POLIS<\/span><\/td>\n<td style=\"background: #ebebeb;\"><span style=\"color: #074c6b; font-family: verdana; font-size: 8pt;\">MG<\/span><\/td>\n<\/tr>\n<tr>\n<td><span style=\"color: #074c6b; font-family: verdana; font-size: 8pt;\">BRASNORTE<\/span><\/td>\n<td><span style=\"color: #074c6b; font-family: verdana; font-size: 8pt;\">BETIM<\/span><\/td>\n<td><span style=\"color: #074c6b; font-family: verdana; font-size: 8pt;\">MG<\/span><\/td>\n<\/tr>\n<tr bgcolor=\"#ebebeb\">\n<td style=\"background: #ebebeb;\"><span style=\"color: #074c6b; font-family: verdana; font-size: 8pt;\"><a href=\"https:\/\/www.instagram.com\/cervantes.ambev\/\">CERVANTES<\/a><\/span><\/td>\n<td style=\"background: #ebebeb;\"><span style=\"color: #074c6b; font-family: verdana; font-size: 8pt;\">MONTES CLAROS<\/span><\/td>\n<td style=\"background: #ebebeb;\"><span style=\"color: #074c6b; font-family: verdana; font-size: 8pt;\">MG<\/span><\/td>\n<\/tr>\n<tr bgcolor=\"#ebebeb\">\n<td style=\"background: #ebebeb;\"><span style=\"color: #074c6b; font-family: verdana; font-size: 8pt;\"><a href=\"https:\/\/www.instagram.com\/cobebciadebebidasbrasil\/\">COBEB<\/a><\/span><\/td>\n<td style=\"background: #ebebeb;\"><span style=\"color: #074c6b; font-family: verdana; font-size: 8pt;\">PAR\u00c1 DE MINAS<\/span><\/td>\n<td style=\"background: #ebebeb;\"><span style=\"color: #074c6b; font-family: verdana; font-size: 8pt;\">MG<\/span><\/td>\n<\/tr>\n<tr>\n<td><span style=\"color: #074c6b; font-family: verdana; font-size: 8pt;\"><a href=\"http:\/\/www.damataleo.com.br\">DAMATA<\/a><\/span><\/td>\n<td><span style=\"color: #074c6b; font-family: verdana; font-size: 8pt;\">LEOPOLDINA<\/span><\/td>\n<td><span style=\"color: #074c6b; font-family: verdana; font-size: 8pt;\">MG<\/span><\/td>\n<\/tr>\n<tr bgcolor=\"#ebebeb\">\n<td style=\"background: #ebebeb;\"><span style=\"color: #074c6b; font-family: verdana; font-size: 8pt;\"><a href=\"https:\/\/www.instagram.com\/revenda_dismepi\/\">DISMEPI<\/a><\/span><\/td>\n<td style=\"background: #ebebeb;\"><span style=\"color: #074c6b; font-family: verdana; font-size: 8pt;\">JO\u00c3O MONLEVADE<\/span><\/td>\n<td style=\"background: #ebebeb;\"><span style=\"color: #074c6b; font-family: verdana; font-size: 8pt;\">MG<\/span><\/td>\n<\/tr>\n<tr>\n<td><span style=\"color: #074c6b; font-family: verdana; font-size: 8pt;\"><a href=\"https:\/\/www.instagram.com\/irmaosfarid_ambev\/\">IRM\u00c3OS FARID<\/a><\/span><\/td>\n<td><span style=\"color: #074c6b; font-family: verdana; font-size: 8pt;\">CONSELHEIRO LAFAIETE<\/span><\/td>\n<td><span style=\"color: #074c6b; font-family: verdana; font-size: 8pt;\">MG<\/span><\/td>\n<\/tr>\n<tr>\n<td><span style=\"color: #074c6b; font-family: verdana; font-size: 8pt;\"><a href=\"http:\/\/www.minasbeb.com.br\">MINASBEB<\/a><\/span><\/td>\n<td><span style=\"color: #074c6b; font-family: verdana; font-size: 8pt;\">PASSOS<\/span><\/td>\n<td><span style=\"color: #074c6b; font-family: verdana; font-size: 8pt;\">MG<\/span><\/td>\n<\/tr>\n<tr bgcolor=\"#ebebeb\">\n<td style=\"background: #ebebeb;\"><span style=\"color: #074c6b; font-family: verdana; font-size: 8pt;\"><a href=\"https:\/\/www.instagram.com\/noroestebebidas.unai\/\">NOROESTE<\/a><\/span><\/td>\n<td style=\"background: #ebebeb;\"><span style=\"color: #074c6b; font-family: verdana; font-size: 8pt;\">UNA\u00cd<\/span><\/td>\n<td style=\"background: #ebebeb;\"><span style=\"color: #074c6b; font-family: verdana; font-size: 8pt;\">MG<\/span><\/td>\n<\/tr>\n<tr>\n<td><span style=\"color: #074c6b; font-family: verdana; font-size: 8pt;\"><a href=\"https:\/\/www.instagram.com\/nortemg_bebidas\/\">NORTE MG<\/a><\/span><\/td>\n<td><span style=\"color: #074c6b; font-family: verdana; font-size: 8pt;\">JANA\u00daBA<\/span><\/td>\n<td><span style=\"color: #074c6b; font-family: verdana; font-size: 8pt;\">MG<\/span><\/td>\n<\/tr>\n<tr bgcolor=\"#ebebeb\">\n<td style=\"background: #ebebeb;\"><span style=\"color: #074c6b; font-family: verdana; font-size: 8pt;\">TARUMA<\/span><\/td>\n<td style=\"background: #ebebeb;\"><span style=\"color: #074c6b; font-family: verdana; font-size: 8pt;\">JUIZ DE FORA<\/span><\/td>\n<td style=\"background: #ebebeb;\"><span style=\"color: #074c6b; font-family: verdana; font-size: 8pt;\">MG<\/span><\/td>\n<\/tr>\n<\/tbody>\n<\/table>\n<p><script src=\"http:\/\/confenar.com.br\/wp-content\/arquivos\/doc_dev\/arq\/responsive.min.js\"><\/script><\/p>\n","protected":false},"excerpt":{"rendered":"<p>Home &gt; Revendas &gt; Revenda MG &nbsp; &nbsp; REVENDA LOCAL A3P PATOS DE MINAS MG AMARAL CURVELO MG ARA\u00daJO GOVERNADOR VALADARES MG BARRETO NOMAN TE\u00d3FILO OTONI MG BEBIDAS FARID MARIANA MG BRASMARKET ITUIUTABA MG BRASUL DIVIN\u00d3POLIS MG BRASNORTE BETIM MG CERVANTES MONTES CLAROS MG COBEB PAR\u00c1 DE MINAS MG DAMATA LEOPOLDINA MG DISMEPI JO\u00c3O MONLEVADE [&hellip;]<\/p>\n","protected":false},"author":1,"featured_media":0,"parent":0,"menu_order":23,"comment_status":"closed","ping_status":"closed","template":"","meta":{"_acf_changed":false,"footnotes":""},"class_list":["post-19218","page","type-page","status-publish","hentry"],"acf":[],"_links":{"self":[{"href":"https:\/\/www.confenar.com.br\/index.php\/wp-json\/wp\/v2\/pages\/19218","targetHints":{"allow":["GET"]}}],"collection":[{"href":"https:\/\/www.confenar.com.br\/index.php\/wp-json\/wp\/v2\/pages"}],"about":[{"href":"https:\/\/www.confenar.com.br\/index.php\/wp-json\/wp\/v2\/types\/page"}],"author":[{"embeddable":true,"href":"https:\/\/www.confenar.com.br\/index.php\/wp-json\/wp\/v2\/users\/1"}],"replies":[{"embeddable":true,"href":"https:\/\/www.confenar.com.br\/index.php\/wp-json\/wp\/v2\/comments?post=19218"}],"version-history":[{"count":29,"href":"https:\/\/www.confenar.com.br\/index.php\/wp-json\/wp\/v2\/pages\/19218\/revisions"}],"predecessor-version":[{"id":27159,"href":"https:\/\/www.confenar.com.br\/index.php\/wp-json\/wp\/v2\/pages\/19218\/revisions\/27159"}],"wp:attachment":[{"href":"https:\/\/www.confenar.com.br\/index.php\/wp-json\/wp\/v2\/media?parent=19218"}],"curies":[{"name":"wp","href":"https:\/\/api.w.org\/{rel}","templated":true}]}}